{"id":523,"date":"2025-12-19T11:47:10","date_gmt":"2025-12-19T10:47:10","guid":{"rendered":"https:\/\/casadelmotore.com\/about-us\/"},"modified":"2026-01-14T10:32:31","modified_gmt":"2026-01-14T09:32:31","slug":"about-us","status":"publish","type":"page","link":"http:\/\/casadelmotore.com\/en\/about-us\/","title":{"rendered":"About Us"},"content":{"rendered":"<section class=\"l-section wpb_row us_custom_ef71f426 height_custom\" id=\"chi-siamo\"><div class=\"l-section-h i-cf\"><div class=\"g-cols vc_row via_flex valign_top type_default stacking_default\"><div class=\"vc_col-sm-12 vc_col-lg-3\/5 vc_col-md-3\/5 vc_col-xs-12 wpb_column vc_column_container\"><div class=\"vc_column-inner\"><div class=\"wpb_wrapper\"><div class=\"wpb_text_column\"><div class=\"wpb_wrapper\"><h1 class=\"linea blu upper\">About Us<\/h1>\n<p class=\"h2 blu\">Casa del Motore is an Italian company founded in 1941 and guided by a principle that defines its identity: professionalism, expertise, and a passion for the sea.<\/p>\n<p>We combine the shipbuilding tradition developed over eighty years of experience in the naval sector with solid engineering expertise and a constant commitment to technological innovation, offering comprehensive and reliable solutions to shipowners, public contracting authorities, shipyards, and professional operators.<\/p>\n<\/div><\/div><\/div><\/div><\/div><div class=\"vc_col-sm-12 vc_col-lg-2\/5 vc_col-md-2\/5 vc_col-xs-12 wpb_column vc_column_container\"><div class=\"vc_column-inner\"><div class=\"wpb_wrapper\"><\/div><\/div><\/div><\/div><\/div><\/section><section class=\"l-section wpb_row bg-blu height_custom\" id=\"chi-siamo-2\"><div class=\"l-section-h i-cf\"><div class=\"g-cols vc_row via_flex valign_top type_default stacking_default\"><div class=\"vc_col-sm-12 vc_col-lg-3\/5 vc_col-md-12 vc_col-xs-12 wpb_column vc_column_container\"><div class=\"vc_column-inner\"><div class=\"wpb_wrapper\"><div class=\"w-gallery fit_cover type_masonry with_isotope ratio_auto count_3\" style=\"--columns:2;--items-gap:10px;\"><div class=\"w-gallery-list\"><div class=\"w-gallery-item\"><div class=\"w-gallery-item-img\"><img loading=\"lazy\" decoding=\"async\" width=\"755\" height=\"1024\" src=\"http:\/\/casadelmotore.com\/wp-content\/uploads\/2026\/01\/montisola-2-755x1024.jpg\" class=\"attachment-large size-large\" alt=\"\" srcset=\"http:\/\/casadelmotore.com\/wp-content\/uploads\/2026\/01\/montisola-2-755x1024.jpg 755w, http:\/\/casadelmotore.com\/wp-content\/uploads\/2026\/01\/montisola-2-221x300.jpg 221w, http:\/\/casadelmotore.com\/wp-content\/uploads\/2026\/01\/montisola-2.jpg 800w\" sizes=\"auto, (max-width: 755px) 100vw, 755px\" \/><\/div><\/div><div class=\"w-gallery-item\"><div class=\"w-gallery-item-img\"><img loading=\"lazy\" decoding=\"async\" width=\"1024\" height=\"682\" src=\"http:\/\/casadelmotore.com\/wp-content\/uploads\/2026\/01\/porto.jpg\" class=\"attachment-large size-large\" alt=\"\" srcset=\"http:\/\/casadelmotore.com\/wp-content\/uploads\/2026\/01\/porto.jpg 1024w, http:\/\/casadelmotore.com\/wp-content\/uploads\/2026\/01\/porto-300x200.jpg 300w\" sizes=\"auto, (max-width: 1024px) 100vw, 1024px\" \/><\/div><\/div><div class=\"w-gallery-item\"><div class=\"w-gallery-item-img\"><img loading=\"lazy\" decoding=\"async\" width=\"1024\" height=\"683\" src=\"http:\/\/casadelmotore.com\/wp-content\/uploads\/2026\/01\/corsica_-sardinia_ferries_mega_express.jpg\" class=\"attachment-large size-large\" alt=\"\" srcset=\"http:\/\/casadelmotore.com\/wp-content\/uploads\/2026\/01\/corsica_-sardinia_ferries_mega_express.jpg 1024w, http:\/\/casadelmotore.com\/wp-content\/uploads\/2026\/01\/corsica_-sardinia_ferries_mega_express-300x200.jpg 300w\" sizes=\"auto, (max-width: 1024px) 100vw, 1024px\" \/><\/div><\/div><\/div><\/div><\/div><\/div><\/div><div class=\"vc_col-sm-12 vc_col-lg-2\/5 vc_col-md-12 vc_col-xs-12 wpb_column vc_column_container\"><div class=\"vc_column-inner\"><div class=\"wpb_wrapper\"><div class=\"wpb_text_column\"><div class=\"wpb_wrapper\"><p class=\"mb3 bianco\">We build and equip vessels up to 50 meters and perform complete refits of vessels of all sizes, managing every phase in-house: design, construction, systems, propulsion, and finishes. Each project is born from a process tailored to the client&#8217;s needs, focused on quality, safety, and maximum operational efficiency.<\/p>\n<p class=\"mb3 bianco\">We are a benchmark in the refitting of commercial and military vessels, yachts, and historic vessels, thanks to a wealth of expertise consolidated over decades of work on iconic vessels of the Italian navy. Completing our offering is a RINA-certified center for the production and testing of flexible hoses and a nationwide technical support service.<\/p>\n<p class=\"mb3 bianco\">Casa del Motore continua a crescere rimanendo fedele ai propri valori: qualit\u00e0, affidabilit\u00e0, innovazione e una passione autentica per il mare, che si riflette in ogni attivit\u00e0 e in ogni progetto che realizziamo.<\/p>\n<\/div><\/div><\/div><\/div><\/div><\/div><\/div><\/section>\n","protected":false},"excerpt":{"rendered":"About Us Casa del Motore is an Italian company founded in 1941 and guided by a principle that defines its identity: professionalism, expertise, and a passion for the sea. We combine the shipbuilding tradition developed over eighty years of experience in the naval sector with solid engineering expertise and a constant commitment to technological innovation,...","protected":false},"author":1,"featured_media":0,"parent":0,"menu_order":0,"comment_status":"closed","ping_status":"closed","template":"","meta":{"footnotes":""},"class_list":["post-523","page","type-page","status-publish","hentry"],"_links":{"self":[{"href":"http:\/\/casadelmotore.com\/en\/wp-json\/wp\/v2\/pages\/523","targetHints":{"allow":["GET"]}}],"collection":[{"href":"http:\/\/casadelmotore.com\/en\/wp-json\/wp\/v2\/pages"}],"about":[{"href":"http:\/\/casadelmotore.com\/en\/wp-json\/wp\/v2\/types\/page"}],"author":[{"embeddable":true,"href":"http:\/\/casadelmotore.com\/en\/wp-json\/wp\/v2\/users\/1"}],"replies":[{"embeddable":true,"href":"http:\/\/casadelmotore.com\/en\/wp-json\/wp\/v2\/comments?post=523"}],"version-history":[{"count":5,"href":"http:\/\/casadelmotore.com\/en\/wp-json\/wp\/v2\/pages\/523\/revisions"}],"predecessor-version":[{"id":777,"href":"http:\/\/casadelmotore.com\/en\/wp-json\/wp\/v2\/pages\/523\/revisions\/777"}],"wp:attachment":[{"href":"http:\/\/casadelmotore.com\/en\/wp-json\/wp\/v2\/media?parent=523"}],"curies":[{"name":"wp","href":"https:\/\/api.w.org\/{rel}","templated":true}]}}